{"id":699,"date":"2024-09-11T13:49:28","date_gmt":"2024-09-11T11:49:28","guid":{"rendered":"https:\/\/usurbilgoemakumeonetxea.eus\/?page_id=699"},"modified":"2024-10-01T16:43:37","modified_gmt":"2024-10-01T14:43:37","slug":"politica-de-cookies-3","status":"publish","type":"page","link":"https:\/\/usurbilgoemakumeonetxea.eus\/es\/politica-de-cookies-3\/","title":{"rendered":"Pol\u00edtica de cookies"},"content":{"rendered":"<p>Este sitio web utiliza cookies para medir y analizar la navegaci\u00f3n de los usuarios.<\/p>\n<p>Las cookies son peque\u00f1os archivos de informaci\u00f3n que nos ayudan a comparar y comprender c\u00f3mo utiliza el sitio web. Gracias a ellos recordamos lo que te gusta para que puedas tener una mejor experiencia online cuando vuelvas a visitar la p\u00e1gina.<\/p>\n<p>Si acepta la pol\u00edtica de cookies de este sitio web durante la fase de registro y\/o si contin\u00faa navegando por las p\u00e1ginas del sitio web utilizando la barra de desplazamiento o accediendo a los men\u00fas y sitios, se considerar\u00e1 que acepta la instalaci\u00f3n y uso de galletas.<\/p>\n<p><b>Este sitio web utiliza los siguientes tipos de cookies:<\/b><\/p>\n<ul>\n<li><b>Cookies propias<\/b>\n<ol>\n<li><b>Sesi\u00f3n<br \/>\n<\/b>Son necesarios para poder utilizar el sitio web sin problemas, para las sesiones de usuario y para poder navegar sin interrupciones manteniendo las opciones de pa\u00eds e idioma. Se utilizan para identificar al usuario cuando accede a un sitio de registro. Sin estas cookies, muchos de los servicios disponibles no funcionar\u00edan. Caducan cuando cierras tu navegador o despu\u00e9s de un mes.<\/li>\n<li><b>T\u00e9cnico<br \/>\n<\/b>Tratan informaci\u00f3n general y an\u00f3nima: no almacenan datos personales, s\u00f3lo la p\u00e1gina original del usuario. Tienen como objetivo mejorar el funcionamiento del sitio web.<\/li>\n<\/ol>\n<\/li>\n<li><b>Cookies de terceros<\/b>\n<ol>\n<li><b>Anal\u00edtica<br \/>\n<\/b>Estas cookies permiten analizar y medir las caracter\u00edsticas y funciones de este sitio web, as\u00ed como medirlas, con el objetivo de mejorarlas posteriormente.M\u00e1s informaci\u00f3n:<\/p>\n<ul>\n<li><a href=\"https:\/\/developers.google.com\/analytics\/devguides\/collection\/analyticsjs\/cookie-usage\">Google Analytics<\/a><\/li>\n<\/ul>\n<\/li>\n<\/ol>\n<\/li>\n<\/ul>\n<p><b>Gesti\u00f3n de cookies:<\/b><\/p>\n<p>Mediante la configuraci\u00f3n de las opciones del navegador de tu ordenador puedes aceptar o impedir la instalaci\u00f3n de cookies en tu dispositivo y encontrar y eliminar aquellas que hayan sido instaladas.<\/p>\n<p>En estos enlaces ver\u00e1s c\u00f3mo se hace esto en cada navegador:<\/p>\n<ul>\n<li><a href=\"http:\/\/support.mozilla.org\/es\/products\/firefox\/cookies\">Si navegas usando Firefox<\/a><\/li>\n<li><a href=\"http:\/\/support.google.com\/chrome\/bin\/answer.py?hl=es&amp;answer=95647\">Si navegas usando Chrome<\/a><\/li>\n<li><a href=\"http:\/\/windows.microsoft.com\/es-es\/windows7\/how-to-manage-cookies-in-internet-explorer-9\">Si navegas usando Exporter<\/a><\/li>\n<li><a href=\"http:\/\/support.apple.com\/kb\/ph5042\">Si navegas usando Safari<\/a><\/li>\n<li><a href=\"http:\/\/help.opera.com\/Windows\/11.50\/es-ES\/cookies.html\">Si navegas usando Opera<\/a><\/li>\n<\/ul>\n<p>Le recordamos que negarse a instalar cookies puede da\u00f1ar el servicio e impedirle utilizar correctamente todo o parte del servicio.<\/p>\n","protected":false},"excerpt":{"rendered":"<p>Este sitio web utiliza cookies para medir y analizar la navegaci\u00f3n de los usuarios. Las cookies son peque\u00f1os archivos de [&hellip;]<\/p>\n","protected":false},"author":1,"featured_media":0,"parent":0,"menu_order":0,"comment_status":"closed","ping_status":"closed","template":"","meta":{"site-sidebar-layout":"default","site-content-layout":"","ast-site-content-layout":"default","site-content-style":"default","site-sidebar-style":"default","ast-global-header-display":"","ast-banner-title-visibility":"","ast-main-header-display":"","ast-hfb-above-header-display":"","ast-hfb-below-header-display":"","ast-hfb-mobile-header-display":"","site-post-title":"","ast-breadcrumbs-content":"","ast-featured-img":"","footer-sml-layout":"","theme-transparent-header-meta":"","adv-header-id-meta":"","stick-header-meta":"","header-above-stick-meta":"","header-main-stick-meta":"","header-below-stick-meta":"","astra-migrate-meta-layouts":"default","ast-page-background-enabled":"default","ast-page-background-meta":{"desktop":{"background-color":"var(--ast-global-color-4)","background-image":"","background-repeat":"repeat","background-position":"center center","background-size":"auto","background-attachment":"scroll","background-type":"","background-media":"","overlay-type":"","overlay-color":"","overlay-opacity":"","overlay-gradient":""},"tablet":{"background-color":"","background-image":"","background-repeat":"repeat","background-position":"center center","background-size":"auto","background-attachment":"scroll","background-type":"","background-media":"","overlay-type":"","overlay-color":"","overlay-opacity":"","overlay-gradient":""},"mobile":{"background-color":"","background-image":"","background-repeat":"repeat","background-position":"center center","background-size":"auto","background-attachment":"scroll","background-type":"","background-media":"","overlay-type":"","overlay-color":"","overlay-opacity":"","overlay-gradient":""}},"ast-content-background-meta":{"desktop":{"background-color":"var(--ast-global-color-5)","background-image":"","background-repeat":"repeat","background-position":"center center","background-size":"auto","background-attachment":"scroll","background-type":"","background-media":"","overlay-type":"","overlay-color":"","overlay-opacity":"","overlay-gradient":""},"tablet":{"background-color":"var(--ast-global-color-5)","background-image":"","background-repeat":"repeat","background-position":"center center","background-size":"auto","background-attachment":"scroll","background-type":"","background-media":"","overlay-type":"","overlay-color":"","overlay-opacity":"","overlay-gradient":""},"mobile":{"background-color":"var(--ast-global-color-5)","background-image":"","background-repeat":"repeat","background-position":"center center","background-size":"auto","background-attachment":"scroll","background-type":"","background-media":"","overlay-type":"","overlay-color":"","overlay-opacity":"","overlay-gradient":""}},"footnotes":""},"class_list":["post-699","page","type-page","status-publish","hentry"],"yoast_head":"<!-- This site is optimized with the Yoast SEO plugin v26.0 - https:\/\/yoast.com\/wordpress\/plugins\/seo\/ -->\n<title>Pol\u00edtica de cookies - Usurbilgo Emakumeon Etxea<\/title>\n<meta name=\"robots\" content=\"noindex, nofollow\" \/>\n<meta property=\"og:locale\" content=\"es_ES\" \/>\n<meta property=\"og:type\" content=\"article\" \/>\n<meta property=\"og:title\" content=\"Pol\u00edtica de cookies - Usurbilgo Emakumeon Etxea\" \/>\n<meta property=\"og:description\" content=\"Este sitio web utiliza cookies para medir y analizar la navegaci\u00f3n de los usuarios. Las cookies son peque\u00f1os archivos de [&hellip;]\" \/>\n<meta property=\"og:url\" content=\"https:\/\/usurbilgoemakumeonetxea.eus\/es\/politica-de-cookies-3\/\" \/>\n<meta property=\"og:site_name\" content=\"Usurbilgo Emakumeon Etxea\" \/>\n<meta property=\"article:modified_time\" content=\"2024-10-01T14:43:37+00:00\" \/>\n<meta name=\"twitter:card\" content=\"summary_large_image\" \/>\n<meta name=\"twitter:label1\" content=\"Tiempo de lectura\" \/>\n\t<meta name=\"twitter:data1\" content=\"2 minutos\" \/>\n<script type=\"application\/ld+json\" class=\"yoast-schema-graph\">{\"@context\":\"https:\/\/schema.org\",\"@graph\":[{\"@type\":\"WebPage\",\"@id\":\"https:\/\/usurbilgoemakumeonetxea.eus\/es\/politica-de-cookies-3\/\",\"url\":\"https:\/\/usurbilgoemakumeonetxea.eus\/es\/politica-de-cookies-3\/\",\"name\":\"Pol\u00edtica de cookies - Usurbilgo Emakumeon Etxea\",\"isPartOf\":{\"@id\":\"https:\/\/usurbilgoemakumeonetxea.eus\/es\/#website\"},\"datePublished\":\"2024-09-11T11:49:28+00:00\",\"dateModified\":\"2024-10-01T14:43:37+00:00\",\"breadcrumb\":{\"@id\":\"https:\/\/usurbilgoemakumeonetxea.eus\/es\/politica-de-cookies-3\/#breadcrumb\"},\"inLanguage\":\"es\",\"potentialAction\":[{\"@type\":\"ReadAction\",\"target\":[\"https:\/\/usurbilgoemakumeonetxea.eus\/es\/politica-de-cookies-3\/\"]}]},{\"@type\":\"BreadcrumbList\",\"@id\":\"https:\/\/usurbilgoemakumeonetxea.eus\/es\/politica-de-cookies-3\/#breadcrumb\",\"itemListElement\":[{\"@type\":\"ListItem\",\"position\":1,\"name\":\"Home\",\"item\":\"https:\/\/usurbilgoemakumeonetxea.eus\/es\/\"},{\"@type\":\"ListItem\",\"position\":2,\"name\":\"Pol\u00edtica de cookies\"}]},{\"@type\":\"WebSite\",\"@id\":\"https:\/\/usurbilgoemakumeonetxea.eus\/es\/#website\",\"url\":\"https:\/\/usurbilgoemakumeonetxea.eus\/es\/\",\"name\":\"Usurbilgo Emakumeon Etxea\",\"description\":\"\",\"publisher\":{\"@id\":\"https:\/\/usurbilgoemakumeonetxea.eus\/es\/#organization\"},\"potentialAction\":[{\"@type\":\"SearchAction\",\"target\":{\"@type\":\"EntryPoint\",\"urlTemplate\":\"https:\/\/usurbilgoemakumeonetxea.eus\/es\/?s={search_term_string}\"},\"query-input\":{\"@type\":\"PropertyValueSpecification\",\"valueRequired\":true,\"valueName\":\"search_term_string\"}}],\"inLanguage\":\"es\"},{\"@type\":\"Organization\",\"@id\":\"https:\/\/usurbilgoemakumeonetxea.eus\/es\/#organization\",\"name\":\"Usurbilgo Emakumeon Etxea\",\"url\":\"https:\/\/usurbilgoemakumeonetxea.eus\/es\/\",\"logo\":{\"@type\":\"ImageObject\",\"inLanguage\":\"es\",\"@id\":\"https:\/\/usurbilgoemakumeonetxea.eus\/es\/#\/schema\/logo\/image\/\",\"url\":\"https:\/\/usurbilgoemakumeonetxea.eus\/wp-content\/uploads\/2024\/08\/Logo-EmakEtx-kolore.png\",\"contentUrl\":\"https:\/\/usurbilgoemakumeonetxea.eus\/wp-content\/uploads\/2024\/08\/Logo-EmakEtx-kolore.png\",\"width\":900,\"height\":900,\"caption\":\"Usurbilgo Emakumeon Etxea\"},\"image\":{\"@id\":\"https:\/\/usurbilgoemakumeonetxea.eus\/es\/#\/schema\/logo\/image\/\"}}]}<\/script>\n<!-- \/ Yoast SEO plugin. -->","yoast_head_json":{"title":"Pol\u00edtica de cookies - Usurbilgo Emakumeon Etxea","robots":{"index":"noindex","follow":"nofollow"},"og_locale":"es_ES","og_type":"article","og_title":"Pol\u00edtica de cookies - Usurbilgo Emakumeon Etxea","og_description":"Este sitio web utiliza cookies para medir y analizar la navegaci\u00f3n de los usuarios. Las cookies son peque\u00f1os archivos de [&hellip;]","og_url":"https:\/\/usurbilgoemakumeonetxea.eus\/es\/politica-de-cookies-3\/","og_site_name":"Usurbilgo Emakumeon Etxea","article_modified_time":"2024-10-01T14:43:37+00:00","twitter_card":"summary_large_image","twitter_misc":{"Tiempo de lectura":"2 minutos"},"schema":{"@context":"https:\/\/schema.org","@graph":[{"@type":"WebPage","@id":"https:\/\/usurbilgoemakumeonetxea.eus\/es\/politica-de-cookies-3\/","url":"https:\/\/usurbilgoemakumeonetxea.eus\/es\/politica-de-cookies-3\/","name":"Pol\u00edtica de cookies - Usurbilgo Emakumeon Etxea","isPartOf":{"@id":"https:\/\/usurbilgoemakumeonetxea.eus\/es\/#website"},"datePublished":"2024-09-11T11:49:28+00:00","dateModified":"2024-10-01T14:43:37+00:00","breadcrumb":{"@id":"https:\/\/usurbilgoemakumeonetxea.eus\/es\/politica-de-cookies-3\/#breadcrumb"},"inLanguage":"es","potentialAction":[{"@type":"ReadAction","target":["https:\/\/usurbilgoemakumeonetxea.eus\/es\/politica-de-cookies-3\/"]}]},{"@type":"BreadcrumbList","@id":"https:\/\/usurbilgoemakumeonetxea.eus\/es\/politica-de-cookies-3\/#breadcrumb","itemListElement":[{"@type":"ListItem","position":1,"name":"Home","item":"https:\/\/usurbilgoemakumeonetxea.eus\/es\/"},{"@type":"ListItem","position":2,"name":"Pol\u00edtica de cookies"}]},{"@type":"WebSite","@id":"https:\/\/usurbilgoemakumeonetxea.eus\/es\/#website","url":"https:\/\/usurbilgoemakumeonetxea.eus\/es\/","name":"Usurbilgo Emakumeon Etxea","description":"","publisher":{"@id":"https:\/\/usurbilgoemakumeonetxea.eus\/es\/#organization"},"potentialAction":[{"@type":"SearchAction","target":{"@type":"EntryPoint","urlTemplate":"https:\/\/usurbilgoemakumeonetxea.eus\/es\/?s={search_term_string}"},"query-input":{"@type":"PropertyValueSpecification","valueRequired":true,"valueName":"search_term_string"}}],"inLanguage":"es"},{"@type":"Organization","@id":"https:\/\/usurbilgoemakumeonetxea.eus\/es\/#organization","name":"Usurbilgo Emakumeon Etxea","url":"https:\/\/usurbilgoemakumeonetxea.eus\/es\/","logo":{"@type":"ImageObject","inLanguage":"es","@id":"https:\/\/usurbilgoemakumeonetxea.eus\/es\/#\/schema\/logo\/image\/","url":"https:\/\/usurbilgoemakumeonetxea.eus\/wp-content\/uploads\/2024\/08\/Logo-EmakEtx-kolore.png","contentUrl":"https:\/\/usurbilgoemakumeonetxea.eus\/wp-content\/uploads\/2024\/08\/Logo-EmakEtx-kolore.png","width":900,"height":900,"caption":"Usurbilgo Emakumeon Etxea"},"image":{"@id":"https:\/\/usurbilgoemakumeonetxea.eus\/es\/#\/schema\/logo\/image\/"}}]}},"_links":{"self":[{"href":"https:\/\/usurbilgoemakumeonetxea.eus\/es\/wp-json\/wp\/v2\/pages\/699","targetHints":{"allow":["GET"]}}],"collection":[{"href":"https:\/\/usurbilgoemakumeonetxea.eus\/es\/wp-json\/wp\/v2\/pages"}],"about":[{"href":"https:\/\/usurbilgoemakumeonetxea.eus\/es\/wp-json\/wp\/v2\/types\/page"}],"author":[{"embeddable":true,"href":"https:\/\/usurbilgoemakumeonetxea.eus\/es\/wp-json\/wp\/v2\/users\/1"}],"replies":[{"embeddable":true,"href":"https:\/\/usurbilgoemakumeonetxea.eus\/es\/wp-json\/wp\/v2\/comments?post=699"}],"version-history":[{"count":3,"href":"https:\/\/usurbilgoemakumeonetxea.eus\/es\/wp-json\/wp\/v2\/pages\/699\/revisions"}],"predecessor-version":[{"id":826,"href":"https:\/\/usurbilgoemakumeonetxea.eus\/es\/wp-json\/wp\/v2\/pages\/699\/revisions\/826"}],"wp:attachment":[{"href":"https:\/\/usurbilgoemakumeonetxea.eus\/es\/wp-json\/wp\/v2\/media?parent=699"}],"curies":[{"name":"wp","href":"https:\/\/api.w.org\/{rel}","templated":true}]}}