{"id":693,"date":"2024-09-18T15:02:43","date_gmt":"2024-09-18T13:02:43","guid":{"rendered":"https:\/\/usurbilgoemakumeonetxea.eus\/agenda\/"},"modified":"2024-09-27T10:50:10","modified_gmt":"2024-09-27T08:50:10","slug":"agenda","status":"publish","type":"page","link":"https:\/\/usurbilgoemakumeonetxea.eus\/es\/agenda\/","title":{"rendered":"Agenda"},"content":{"rendered":"\t\t<div data-elementor-type=\"wp-page\" data-elementor-id=\"693\" class=\"elementor elementor-693 elementor-572\" data-elementor-post-type=\"page\">\n\t\t\t\t<div class=\"elementor-element elementor-element-810ba9b e-flex e-con-boxed e-con e-parent\" data-id=\"810ba9b\" data-element_type=\"container\">\n\t\t\t\t\t<div class=\"e-con-inner\">\n\t\t\t\t<div class=\"elementor-element elementor-element-a1d7e01 elementor-widget elementor-widget-shortcode\" data-id=\"a1d7e01\" data-element_type=\"widget\" data-widget_type=\"shortcode.default\">\n\t\t\t\t<div class=\"elementor-widget-container\">\n\t\t\t\t\t\t\t<div class=\"elementor-shortcode\"><div id=\"mec_skin_590\"\r\n     class=\"mec-wrap colorskin-custom   mec-full-calendar-wrap\">\r\n\r\n    <div class=\"mec-search-form mec-totalcal-box\">\r\n                                            <form id=\"mec_search_form_590\" class=\"mec-dropdown-wrap mec-dropdown-classic\" autocomplete=\"off\">\r\n                <div>\r\n\r\n                    \r\n                    <div class=\"mec-dropdown-wrap\">\r\n                                                    <div class=\"mec-dropdown-search\"><i class=\"mec-sl-folder\"><\/i><select name=' ' id='mec_sf_category_590' class='postform'>\n\t<option value='' selected='selected'>Categor\u00eda<\/option>\n\t<option class=\"level-0\" value=\"29\">Escuela de empoderamiento<\/option>\n\t<option class=\"level-0\" value=\"33\">Eventos culturales<\/option>\n<\/select>\n<\/div>                                                                                                                                                                    <\/div>\r\n                <\/div>\r\n                                <div>\r\n                                                        <\/div>\r\n                <div class=\"mec-full-calendar-search-ends\">\r\n                                                                                                    <div class=\"mec-tab-loader\">\r\n                        <div class=\"mec-totalcal-view\">\r\n                                                        <span\r\n                                class=\"mec-totalcal-monthlyview\"\r\n                                data-skin=\"monthly\">Mensualmente<\/span>                                                                                    <span\r\n                                class=\"mec-totalcal-listview mec-totalcalview-selected\"\r\n                                data-skin=\"list\">Lista<\/span>                                                                                <\/div>\r\n                    <\/div>\r\n                <\/div>\r\n            <\/form>\r\n            <\/div>\r\n\r\n    <div id=\"mec_full_calendar_container_590\" class=\"mec-full-calendar-skin-container\">\r\n        <div class=\"mec-wrap mec-skin-list-container  \" id=\"mec_skin_590\">\r\n\r\n    \r\n            <div class=\"mec-skin-list-events-container\" id=\"mec_skin_events_590\">\r\n        <div class=\"mec-wrap colorskin-custom\">\r\n\t<div class=\"mec-event-list-standard\">\r\n\t\t\r\n                        <div class=\"mec-month-divider\" data-toggle-divider=\"mec-toggle-202604-590\"><h5 style=\"display: inline;\">abril 2026<\/h5><i class=\"mec-sl-arrow-down\"><\/i><\/div>\r\n            \r\n                        <article class=\"mec-event-article  mec-clear  mec-divider-toggle mec-toggle-202604-590\" itemscope>\r\n                                                        <div class=\"mec-topsec\">\r\n                                        <div class=\"col-md-3 mec-event-image-wrap mec-col-table-c\">\r\n                            <div class=\"mec-event-image\"><a data-event-id=\"1040\" href=\"https:\/\/usurbilgoemakumeonetxea.eus\/es\/ekitaldia\/espectaculo-documental-filipa-balbina-klown-emakumeak-historian\/?occurrence=2026-04-18\" target=\"_self\" rel=\"noopener\"><img fetchpriority=\"high\" decoding=\"async\" width=\"275\" height=\"183\" src=\"https:\/\/usurbilgoemakumeonetxea.eus\/wp-content\/uploads\/2026\/01\/Filipa-Balbina.jpg\" class=\"attachment-thumblist size-thumblist wp-post-image\" alt=\"\" data-mec-postid=\"1040\" \/><\/a><\/div>\r\n                        <\/div>\r\n                        \r\n                        <div class=\"col-md-6 mec-col-table-c mec-event-content-wrap\">\r\n                            <div class=\"mec-event-content\">\r\n                                                                                                <h3 class=\"mec-event-title\"><a class=\"mec-color-hover\" data-event-id=\"1040\" href=\"https:\/\/usurbilgoemakumeonetxea.eus\/es\/ekitaldia\/espectaculo-documental-filipa-balbina-klown-emakumeak-historian\/?occurrence=2026-04-18\" target=\"_self\" rel=\"noopener\">Espect\u00e1culo &#8211; documental: \u201cFilipa Balbina: Klown emakumeak historian\u201d<\/a><\/h3>\r\n                                <div class=\"mec-event-description\">La representaci\u00f3n ser\u00e1 realizada por Bea Larra\u00f1aga, Mujer Payasa, quien interpretar\u00e1 a diferentes payasas en tres arquetipos distintos de clown: [&hellip;]<\/div>\r\n                            <\/div>\r\n                        <\/div>\r\n                        <div class=\"col-md-3 mec-col-table-c mec-event-meta-wrap\">\r\n                            <div class=\"mec-event-meta mec-color-before\">\r\n                                <div class=\"mec-date-details\">\r\n                                                                            <span class=\"mec-event-d\"><i class=\"mec-sl-calendar\"><\/i><span class=\"mec-start-date-label\">Abr 18<\/span><\/span>\r\n                                                                    <\/div>\r\n                                                                <div class=\"mec-time-details\"><svg xmlns=\"http:\/\/www.w3.org\/2000\/svg\" width=\"16\" height=\"16\" viewBox=\"0 0 16 16\"><path id=\"clock\" d=\"M8,16a8,8,0,1,1,8-8A8.009,8.009,0,0,1,8,16ZM8,1.333A6.667,6.667,0,1,0,14.667,8,6.674,6.674,0,0,0,8,1.333Zm2.667,10a.665.665,0,0,1-.471-.2L7.529,8.471a.666.666,0,0,1-.144-.217A.673.673,0,0,1,7.333,8V3.333a.667.667,0,1,1,1.333,0V7.724L11.138,10.2a.667.667,0,0,1-.471,1.138Z\" fill=\"#60daf2\" \/><\/svg><span class=\"mec-start-time\">19:00<\/span> - <span class=\"mec-end-time\">20:00<\/span><\/div>                                                                                                <div class=\"mec-categories-wrapper\"><i class=\"mec-sl-folder\"><\/i><ul class=\"mec-categories\"><li class=\"mec-category\"><a class=\"mec-color-hover\" href=\"https:\/\/usurbilgoemakumeonetxea.eus\/es\/kategoria\/eventos-culturales\/\" target=\"_blank\">Eventos culturales<\/a><\/li><\/ul><\/div>                                                                                                \r\n                                <!--                                -->                            <\/div>\r\n                        <\/div>\r\n                    <\/div>\r\n                    <div class=\"mec-event-footer\">\r\n                                                                                                                        <a class=\"mec-booking-button\" data-event-id=\"1040\" href=\"https:\/\/usurbilgoemakumeonetxea.eus\/es\/ekitaldia\/espectaculo-documental-filipa-balbina-klown-emakumeak-historian\/?occurrence=2026-04-18\" target=\"_self\" rel=\"noopener\">Ver detalle<\/a>                    <\/div>\r\n                            <\/article>\r\n            \t\t\r\n                        <div class=\"mec-month-divider\" data-toggle-divider=\"mec-toggle-202605-590\"><h5 style=\"display: inline;\">mayo 2026<\/h5><i class=\"mec-sl-arrow-down\"><\/i><\/div>\r\n            \r\n                        <article class=\"mec-event-article  mec-clear  mec-divider-toggle mec-toggle-202605-590\" itemscope>\r\n                                                        <div class=\"mec-topsec\">\r\n                                        <div class=\"col-md-3 mec-event-image-wrap mec-col-table-c\">\r\n                            <div class=\"mec-event-image\"><a data-event-id=\"1037\" href=\"https:\/\/usurbilgoemakumeonetxea.eus\/es\/ekitaldia\/formacion-en-orientacion-de-montana-ii\/?occurrence=2026-05-15\" target=\"_self\" rel=\"noopener\"><img decoding=\"async\" width=\"284\" height=\"177\" src=\"https:\/\/usurbilgoemakumeonetxea.eus\/wp-content\/uploads\/2026\/01\/Mendi-orientazioa.jpg\" class=\"attachment-thumblist size-thumblist wp-post-image\" alt=\"\" data-mec-postid=\"1037\" \/><\/a><\/div>\r\n                        <\/div>\r\n                        \r\n                        <div class=\"col-md-6 mec-col-table-c mec-event-content-wrap\">\r\n                            <div class=\"mec-event-content\">\r\n                                                                                                <h3 class=\"mec-event-title\"><a class=\"mec-color-hover\" data-event-id=\"1037\" href=\"https:\/\/usurbilgoemakumeonetxea.eus\/es\/ekitaldia\/formacion-en-orientacion-de-montana-ii\/?occurrence=2026-05-15\" target=\"_self\" rel=\"noopener\">Formaci\u00f3n en orientaci\u00f3n de monta\u00f1a II<\/a><\/h3>\r\n                                <div class=\"mec-event-description\">Formadora: Patri Espinar Labian Viernes: 17:00-20:30 \/ S\u00e1bado, domingo: 09:00-14:00 El objetivo del curso es dotar a las mujeres de [&hellip;]<\/div>\r\n                            <\/div>\r\n                        <\/div>\r\n                        <div class=\"col-md-3 mec-col-table-c mec-event-meta-wrap\">\r\n                            <div class=\"mec-event-meta mec-color-before\">\r\n                                <div class=\"mec-date-details\">\r\n                                                                            <span class=\"mec-event-d\"><i class=\"mec-sl-calendar\"><\/i><span class=\"mec-start-date-label\">mayo 15 - 17<\/span><\/span>\r\n                                                                    <\/div>\r\n                                                                                                                                                                <div class=\"mec-categories-wrapper\"><i class=\"mec-sl-folder\"><\/i><ul class=\"mec-categories\"><li class=\"mec-category\"><a class=\"mec-color-hover\" href=\"https:\/\/usurbilgoemakumeonetxea.eus\/es\/kategoria\/escuela-de-empoderamiento\/\" target=\"_blank\">Escuela de empoderamiento<\/a><\/li><\/ul><\/div>                                                                                                \r\n                                <!--                                -->                            <\/div>\r\n                        <\/div>\r\n                    <\/div>\r\n                    <div class=\"mec-event-footer\">\r\n                                                                                                                        <a class=\"mec-booking-button\" data-event-id=\"1037\" href=\"https:\/\/usurbilgoemakumeonetxea.eus\/es\/ekitaldia\/formacion-en-orientacion-de-montana-ii\/?occurrence=2026-05-15\" target=\"_self\" rel=\"noopener\">Ver detalle<\/a>                    <\/div>\r\n                            <\/article>\r\n            \t\t\t<\/div>\r\n<\/div>\r\n\r\n    <\/div>\r\n    <div class=\"mec-skin-list-no-events-container mec-util-hidden\" id=\"mec_skin_no_events_590\">\r\n        \u00a1No hay eventos!    <\/div>\r\n    \r\n    \r\n<\/div>\r\n    <\/div>\r\n\r\n    <\/div>\r\n<\/div>\n\t\t\t\t\t\t<\/div>\n\t\t\t\t<\/div>\n\t\t\t\t\t<\/div>\n\t\t\t\t<\/div>\n\t\t\t\t<\/div>\n\t\t","protected":false},"excerpt":{"rendered":"","protected":false},"author":1,"featured_media":0,"parent":0,"menu_order":0,"comment_status":"closed","ping_status":"closed","template":"","meta":{"site-sidebar-layout":"no-sidebar","site-content-layout":"","ast-site-content-layout":"full-width-container","site-content-style":"default","site-sidebar-style":"default","ast-global-header-display":"","ast-banner-title-visibility":"","ast-main-header-display":"","ast-hfb-above-header-display":"","ast-hfb-below-header-display":"","ast-hfb-mobile-header-display":"","site-post-title":"disabled","ast-breadcrumbs-content":"","ast-featured-img":"disabled","footer-sml-layout":"","theme-transparent-header-meta":"","adv-header-id-meta":"","stick-header-meta":"","header-above-stick-meta":"","header-main-stick-meta":"","header-below-stick-meta":"","astra-migrate-meta-layouts":"default","ast-page-background-enabled":"default","ast-page-background-meta":{"desktop":{"background-color":"var(--ast-global-color-4)","background-image":"","background-repeat":"repeat","background-position":"center center","background-size":"auto","background-attachment":"scroll","background-type":"","background-media":"","overlay-type":"","overlay-color":"","overlay-opacity":"","overlay-gradient":""},"tablet":{"background-color":"","background-image":"","background-repeat":"repeat","background-position":"center center","background-size":"auto","background-attachment":"scroll","background-type":"","background-media":"","overlay-type":"","overlay-color":"","overlay-opacity":"","overlay-gradient":""},"mobile":{"background-color":"","background-image":"","background-repeat":"repeat","background-position":"center center","background-size":"auto","background-attachment":"scroll","background-type":"","background-media":"","overlay-type":"","overlay-color":"","overlay-opacity":"","overlay-gradient":""}},"ast-content-background-meta":{"desktop":{"background-color":"var(--ast-global-color-5)","background-image":"","background-repeat":"repeat","background-position":"center center","background-size":"auto","background-attachment":"scroll","background-type":"","background-media":"","overlay-type":"","overlay-color":"","overlay-opacity":"","overlay-gradient":""},"tablet":{"background-color":"var(--ast-global-color-5)","background-image":"","background-repeat":"repeat","background-position":"center center","background-size":"auto","background-attachment":"scroll","background-type":"","background-media":"","overlay-type":"","overlay-color":"","overlay-opacity":"","overlay-gradient":""},"mobile":{"background-color":"var(--ast-global-color-5)","background-image":"","background-repeat":"repeat","background-position":"center center","background-size":"auto","background-attachment":"scroll","background-type":"","background-media":"","overlay-type":"","overlay-color":"","overlay-opacity":"","overlay-gradient":""}},"footnotes":""},"class_list":["post-693","page","type-page","status-publish","hentry"],"yoast_head":"<!-- This site is optimized with the Yoast SEO plugin v26.0 - https:\/\/yoast.com\/wordpress\/plugins\/seo\/ -->\n<title>Agenda - Usurbilgo Emakumeon Etxea<\/title>\n<meta name=\"robots\" content=\"index, follow, max-snippet:-1, max-image-preview:large, max-video-preview:-1\" \/>\n<link rel=\"canonical\" href=\"https:\/\/usurbilgoemakumeonetxea.eus\/es\/agenda\/\" \/>\n<meta property=\"og:locale\" content=\"es_ES\" \/>\n<meta property=\"og:type\" content=\"article\" \/>\n<meta property=\"og:title\" content=\"Agenda - Usurbilgo Emakumeon Etxea\" \/>\n<meta property=\"og:url\" content=\"https:\/\/usurbilgoemakumeonetxea.eus\/es\/agenda\/\" \/>\n<meta property=\"og:site_name\" content=\"Usurbilgo Emakumeon Etxea\" \/>\n<meta property=\"article:modified_time\" content=\"2024-09-27T08:50:10+00:00\" \/>\n<meta name=\"twitter:card\" content=\"summary_large_image\" \/>\n<script type=\"application\/ld+json\" class=\"yoast-schema-graph\">{\"@context\":\"https:\/\/schema.org\",\"@graph\":[{\"@type\":\"WebPage\",\"@id\":\"https:\/\/usurbilgoemakumeonetxea.eus\/es\/agenda\/\",\"url\":\"https:\/\/usurbilgoemakumeonetxea.eus\/es\/agenda\/\",\"name\":\"Agenda - Usurbilgo Emakumeon Etxea\",\"isPartOf\":{\"@id\":\"https:\/\/usurbilgoemakumeonetxea.eus\/es\/#website\"},\"datePublished\":\"2024-09-18T13:02:43+00:00\",\"dateModified\":\"2024-09-27T08:50:10+00:00\",\"breadcrumb\":{\"@id\":\"https:\/\/usurbilgoemakumeonetxea.eus\/es\/agenda\/#breadcrumb\"},\"inLanguage\":\"es\",\"potentialAction\":[{\"@type\":\"ReadAction\",\"target\":[\"https:\/\/usurbilgoemakumeonetxea.eus\/es\/agenda\/\"]}]},{\"@type\":\"BreadcrumbList\",\"@id\":\"https:\/\/usurbilgoemakumeonetxea.eus\/es\/agenda\/#breadcrumb\",\"itemListElement\":[{\"@type\":\"ListItem\",\"position\":1,\"name\":\"Home\",\"item\":\"https:\/\/usurbilgoemakumeonetxea.eus\/es\/\"},{\"@type\":\"ListItem\",\"position\":2,\"name\":\"Agenda\"}]},{\"@type\":\"WebSite\",\"@id\":\"https:\/\/usurbilgoemakumeonetxea.eus\/es\/#website\",\"url\":\"https:\/\/usurbilgoemakumeonetxea.eus\/es\/\",\"name\":\"Usurbilgo Emakumeon Etxea\",\"description\":\"\",\"publisher\":{\"@id\":\"https:\/\/usurbilgoemakumeonetxea.eus\/es\/#organization\"},\"potentialAction\":[{\"@type\":\"SearchAction\",\"target\":{\"@type\":\"EntryPoint\",\"urlTemplate\":\"https:\/\/usurbilgoemakumeonetxea.eus\/es\/?s={search_term_string}\"},\"query-input\":{\"@type\":\"PropertyValueSpecification\",\"valueRequired\":true,\"valueName\":\"search_term_string\"}}],\"inLanguage\":\"es\"},{\"@type\":\"Organization\",\"@id\":\"https:\/\/usurbilgoemakumeonetxea.eus\/es\/#organization\",\"name\":\"Usurbilgo Emakumeon Etxea\",\"url\":\"https:\/\/usurbilgoemakumeonetxea.eus\/es\/\",\"logo\":{\"@type\":\"ImageObject\",\"inLanguage\":\"es\",\"@id\":\"https:\/\/usurbilgoemakumeonetxea.eus\/es\/#\/schema\/logo\/image\/\",\"url\":\"https:\/\/usurbilgoemakumeonetxea.eus\/wp-content\/uploads\/2024\/08\/Logo-EmakEtx-kolore.png\",\"contentUrl\":\"https:\/\/usurbilgoemakumeonetxea.eus\/wp-content\/uploads\/2024\/08\/Logo-EmakEtx-kolore.png\",\"width\":900,\"height\":900,\"caption\":\"Usurbilgo Emakumeon Etxea\"},\"image\":{\"@id\":\"https:\/\/usurbilgoemakumeonetxea.eus\/es\/#\/schema\/logo\/image\/\"}}]}<\/script>\n<!-- \/ Yoast SEO plugin. -->","yoast_head_json":{"title":"Agenda - Usurbilgo Emakumeon Etxea","robots":{"index":"index","follow":"follow","max-snippet":"max-snippet:-1","max-image-preview":"max-image-preview:large","max-video-preview":"max-video-preview:-1"},"canonical":"https:\/\/usurbilgoemakumeonetxea.eus\/es\/agenda\/","og_locale":"es_ES","og_type":"article","og_title":"Agenda - Usurbilgo Emakumeon Etxea","og_url":"https:\/\/usurbilgoemakumeonetxea.eus\/es\/agenda\/","og_site_name":"Usurbilgo Emakumeon Etxea","article_modified_time":"2024-09-27T08:50:10+00:00","twitter_card":"summary_large_image","schema":{"@context":"https:\/\/schema.org","@graph":[{"@type":"WebPage","@id":"https:\/\/usurbilgoemakumeonetxea.eus\/es\/agenda\/","url":"https:\/\/usurbilgoemakumeonetxea.eus\/es\/agenda\/","name":"Agenda - Usurbilgo Emakumeon Etxea","isPartOf":{"@id":"https:\/\/usurbilgoemakumeonetxea.eus\/es\/#website"},"datePublished":"2024-09-18T13:02:43+00:00","dateModified":"2024-09-27T08:50:10+00:00","breadcrumb":{"@id":"https:\/\/usurbilgoemakumeonetxea.eus\/es\/agenda\/#breadcrumb"},"inLanguage":"es","potentialAction":[{"@type":"ReadAction","target":["https:\/\/usurbilgoemakumeonetxea.eus\/es\/agenda\/"]}]},{"@type":"BreadcrumbList","@id":"https:\/\/usurbilgoemakumeonetxea.eus\/es\/agenda\/#breadcrumb","itemListElement":[{"@type":"ListItem","position":1,"name":"Home","item":"https:\/\/usurbilgoemakumeonetxea.eus\/es\/"},{"@type":"ListItem","position":2,"name":"Agenda"}]},{"@type":"WebSite","@id":"https:\/\/usurbilgoemakumeonetxea.eus\/es\/#website","url":"https:\/\/usurbilgoemakumeonetxea.eus\/es\/","name":"Usurbilgo Emakumeon Etxea","description":"","publisher":{"@id":"https:\/\/usurbilgoemakumeonetxea.eus\/es\/#organization"},"potentialAction":[{"@type":"SearchAction","target":{"@type":"EntryPoint","urlTemplate":"https:\/\/usurbilgoemakumeonetxea.eus\/es\/?s={search_term_string}"},"query-input":{"@type":"PropertyValueSpecification","valueRequired":true,"valueName":"search_term_string"}}],"inLanguage":"es"},{"@type":"Organization","@id":"https:\/\/usurbilgoemakumeonetxea.eus\/es\/#organization","name":"Usurbilgo Emakumeon Etxea","url":"https:\/\/usurbilgoemakumeonetxea.eus\/es\/","logo":{"@type":"ImageObject","inLanguage":"es","@id":"https:\/\/usurbilgoemakumeonetxea.eus\/es\/#\/schema\/logo\/image\/","url":"https:\/\/usurbilgoemakumeonetxea.eus\/wp-content\/uploads\/2024\/08\/Logo-EmakEtx-kolore.png","contentUrl":"https:\/\/usurbilgoemakumeonetxea.eus\/wp-content\/uploads\/2024\/08\/Logo-EmakEtx-kolore.png","width":900,"height":900,"caption":"Usurbilgo Emakumeon Etxea"},"image":{"@id":"https:\/\/usurbilgoemakumeonetxea.eus\/es\/#\/schema\/logo\/image\/"}}]}},"_links":{"self":[{"href":"https:\/\/usurbilgoemakumeonetxea.eus\/es\/wp-json\/wp\/v2\/pages\/693","targetHints":{"allow":["GET"]}}],"collection":[{"href":"https:\/\/usurbilgoemakumeonetxea.eus\/es\/wp-json\/wp\/v2\/pages"}],"about":[{"href":"https:\/\/usurbilgoemakumeonetxea.eus\/es\/wp-json\/wp\/v2\/types\/page"}],"author":[{"embeddable":true,"href":"https:\/\/usurbilgoemakumeonetxea.eus\/es\/wp-json\/wp\/v2\/users\/1"}],"replies":[{"embeddable":true,"href":"https:\/\/usurbilgoemakumeonetxea.eus\/es\/wp-json\/wp\/v2\/comments?post=693"}],"version-history":[{"count":3,"href":"https:\/\/usurbilgoemakumeonetxea.eus\/es\/wp-json\/wp\/v2\/pages\/693\/revisions"}],"predecessor-version":[{"id":696,"href":"https:\/\/usurbilgoemakumeonetxea.eus\/es\/wp-json\/wp\/v2\/pages\/693\/revisions\/696"}],"wp:attachment":[{"href":"https:\/\/usurbilgoemakumeonetxea.eus\/es\/wp-json\/wp\/v2\/media?parent=693"}],"curies":[{"name":"wp","href":"https:\/\/api.w.org\/{rel}","templated":true}]}}