{"id":670,"date":"2024-08-06T11:54:34","date_gmt":"2024-08-06T09:54:34","guid":{"rendered":"https:\/\/usurbilgoemakumeonetxea.eus\/funtzionamendua\/"},"modified":"2024-09-30T15:56:02","modified_gmt":"2024-09-30T13:56:02","slug":"funcionamiento","status":"publish","type":"page","link":"https:\/\/usurbilgoemakumeonetxea.eus\/es\/funcionamiento\/","title":{"rendered":"Funcionamiento"},"content":{"rendered":"\t\t<div data-elementor-type=\"wp-page\" data-elementor-id=\"670\" class=\"elementor elementor-670 elementor-104\" data-elementor-post-type=\"page\">\n\t\t\t\t<div class=\"elementor-element elementor-element-6d85f43 e-flex e-con-boxed e-con e-parent\" data-id=\"6d85f43\" data-element_type=\"container\">\n\t\t\t\t\t<div class=\"e-con-inner\">\n\t\t<div class=\"elementor-element elementor-element-f7df1c6 e-con-full e-flex e-con e-child\" data-id=\"f7df1c6\" data-element_type=\"container\">\n\t\t\t\t<div class=\"elementor-element elementor-element-69ffbbe elementor-widget elementor-widget-text-editor\" data-id=\"69ffbbe\" data-element_type=\"widget\" data-widget_type=\"text-editor.default\">\n\t\t\t\t<div class=\"elementor-widget-container\">\n\t\t\t\t\t\t\t\t\t<div class=\"page\" title=\"Page 2\"><div class=\"section\"><div class=\"layoutArea\"><div class=\"column\"><p>La Casa de las Mujeres de Usurbil es un equipamiento municipal. Aunque esta\u0301 gestionada por el Departamento de Igualdad, tiene un enfoque comunitario y fomenta la colaboracio\u0301n permanente con las mujeres del municipio.<\/p><p>En el funcionamiento de la casa encontraremos estos tres elementos:<\/p><\/div><\/div><\/div><\/div>\t\t\t\t\t\t\t\t<\/div>\n\t\t\t\t<\/div>\n\t\t\t\t<\/div>\n\t\t<div class=\"elementor-element elementor-element-37662a4 e-con-full e-flex e-con e-child\" data-id=\"37662a4\" data-element_type=\"container\">\n\t\t\t\t<div class=\"elementor-element elementor-element-d50c9b3 elementor-widget elementor-widget-image\" data-id=\"d50c9b3\" data-element_type=\"widget\" data-settings=\"{&quot;motion_fx_motion_fx_scrolling&quot;:&quot;yes&quot;,&quot;motion_fx_translateY_effect&quot;:&quot;yes&quot;,&quot;motion_fx_translateY_speed&quot;:{&quot;unit&quot;:&quot;px&quot;,&quot;size&quot;:3,&quot;sizes&quot;:[]},&quot;motion_fx_translateY_affectedRange&quot;:{&quot;unit&quot;:&quot;%&quot;,&quot;size&quot;:&quot;&quot;,&quot;sizes&quot;:{&quot;start&quot;:0,&quot;end&quot;:100}},&quot;motion_fx_devices&quot;:[&quot;desktop&quot;,&quot;laptop&quot;,&quot;tablet&quot;,&quot;mobile&quot;]}\" data-widget_type=\"image.default\">\n\t\t\t\t<div class=\"elementor-widget-container\">\n\t\t\t\t\t\t\t\t\t\t\t\t\t\t\t<img fetchpriority=\"high\" decoding=\"async\" width=\"948\" height=\"659\" src=\"https:\/\/usurbilgoemakumeonetxea.eus\/wp-content\/uploads\/2024\/08\/4marrazki.png\" class=\"attachment-large size-large wp-image-498\" alt=\"\" srcset=\"https:\/\/usurbilgoemakumeonetxea.eus\/wp-content\/uploads\/2024\/08\/4marrazki.png 948w, https:\/\/usurbilgoemakumeonetxea.eus\/wp-content\/uploads\/2024\/08\/4marrazki-800x556.png 800w, https:\/\/usurbilgoemakumeonetxea.eus\/wp-content\/uploads\/2024\/08\/4marrazki-768x534.png 768w\" sizes=\"(max-width: 948px) 100vw, 948px\" \/>\t\t\t\t\t\t\t\t\t\t\t\t\t\t\t<\/div>\n\t\t\t\t<\/div>\n\t\t\t\t<\/div>\n\t\t\t\t\t<\/div>\n\t\t\t\t<\/div>\n\t\t<div class=\"elementor-element elementor-element-7bf5059 e-flex e-con-boxed e-con e-parent\" data-id=\"7bf5059\" data-element_type=\"container\" data-settings=\"{&quot;background_background&quot;:&quot;classic&quot;}\">\n\t\t\t\t\t<div class=\"e-con-inner\">\n\t\t<div class=\"elementor-element elementor-element-1eaa4b6 e-con-full e-flex e-con e-child\" data-id=\"1eaa4b6\" data-element_type=\"container\">\n\t\t\t\t<div class=\"elementor-element elementor-element-b49fee6 uael-heading-align-center elementor-widget elementor-widget-uael-advanced-heading\" data-id=\"b49fee6\" data-element_type=\"widget\" data-widget_type=\"uael-advanced-heading.default\">\n\t\t\t\t<div class=\"elementor-widget-container\">\n\t\t\t\t\t\n\t\t<div class=\"uael-module-content uael-heading-wrapper\">\n\t\t\t\t\t\t\n\t\t\t<h1 class=\"uael-heading\">\n\t\t\t\t\t\t\t\t\t\t<span class=\"uael-heading-text elementor-inline-editing uael-size--xxl\" data-elementor-setting-key=\"heading_title\" data-elementor-inline-editing-toolbar=\"basic\">1<\/span>\n\t\t\t\t\t\t\t<\/h1>\n\n\t\t\t\n\t\t\t\n\t\t\t\t\t\t\t<div class=\"uael-subheading elementor-inline-editing\" data-elementor-setting-key=\"heading_description\" data-elementor-inline-editing-toolbar=\"advanced\" >\n\t\t\t\t\tEl Grupo promotor est\u00e1 formado por mujeres de\nUsurbil que trabajan en la vida y\nel dise\u00f1o de iniciativas de la Casa de las Mujeres. El Grupo promotor es rotatorio y se reunir\u00e1 3-4 veces al a\u00f1o. Por tanto, aunque la gesti\u00f3n es p\u00fablica, se basa en un funcionamiento que busca una coordinaci\u00f3n permanente con las mujeres de la localidad.\t\t\t\t<\/div>\n\t\t\t\t\n\t\t\t\t\t\t<\/div>\n\t\t\t\t\t\t<\/div>\n\t\t\t\t<\/div>\n\t\t\t\t<\/div>\n\t\t<div class=\"elementor-element elementor-element-2d57483 e-con-full e-flex e-con e-child\" data-id=\"2d57483\" data-element_type=\"container\">\n\t\t\t\t<div class=\"elementor-element elementor-element-e8a4f1a uael-heading-align-center elementor-widget elementor-widget-uael-advanced-heading\" data-id=\"e8a4f1a\" data-element_type=\"widget\" data-widget_type=\"uael-advanced-heading.default\">\n\t\t\t\t<div class=\"elementor-widget-container\">\n\t\t\t\t\t\n\t\t<div class=\"uael-module-content uael-heading-wrapper\">\n\t\t\t\t\t\t\n\t\t\t<h1 class=\"uael-heading\">\n\t\t\t\t\t\t\t\t\t\t<span class=\"uael-heading-text elementor-inline-editing uael-size--xxl\" data-elementor-setting-key=\"heading_title\" data-elementor-inline-editing-toolbar=\"basic\">2<\/span>\n\t\t\t\t\t\t\t<\/h1>\n\n\t\t\t\n\t\t\t\n\t\t\t\t\t\t\t<div class=\"uael-subheading elementor-inline-editing\" data-elementor-setting-key=\"heading_description\" data-elementor-inline-editing-toolbar=\"advanced\" >\n\t\t\t\t\tTenemos la figura de Etxekide, mujeres que participan en iniciativas, sesiones y cursos de la Casa de las Mujeres de Usurbil. Participan en la asamblea abierta que se celebrar\u00e1 una vez al a\u00f1o.\t\t\t\t<\/div>\n\t\t\t\t\n\t\t\t\t\t\t<\/div>\n\t\t\t\t\t\t<\/div>\n\t\t\t\t<\/div>\n\t\t\t\t<div class=\"elementor-element elementor-element-fa323ba elementor-align-center elementor-widget elementor-widget-button\" data-id=\"fa323ba\" data-element_type=\"widget\" data-widget_type=\"button.default\">\n\t\t\t\t<div class=\"elementor-widget-container\">\n\t\t\t\t\t\t\t\t\t<div class=\"elementor-button-wrapper\">\n\t\t\t\t\t<a class=\"elementor-button elementor-button-link elementor-size-sm\" href=\"https:\/\/usurbilgoemakumeonetxea.eus\/es\/se-etxekide\/\">\n\t\t\t\t\t\t<span class=\"elementor-button-content-wrapper\">\n\t\t\t\t\t\t\t\t\t<span class=\"elementor-button-text\">\u00a1S\u00e9 etxekide!<\/span>\n\t\t\t\t\t<\/span>\n\t\t\t\t\t<\/a>\n\t\t\t\t<\/div>\n\t\t\t\t\t\t\t\t<\/div>\n\t\t\t\t<\/div>\n\t\t\t\t<\/div>\n\t\t<div class=\"elementor-element elementor-element-b713a94 e-con-full e-flex e-con e-child\" data-id=\"b713a94\" data-element_type=\"container\">\n\t\t\t\t<div class=\"elementor-element elementor-element-dc18775 uael-heading-align-center elementor-widget elementor-widget-uael-advanced-heading\" data-id=\"dc18775\" data-element_type=\"widget\" data-widget_type=\"uael-advanced-heading.default\">\n\t\t\t\t<div class=\"elementor-widget-container\">\n\t\t\t\t\t\n\t\t<div class=\"uael-module-content uael-heading-wrapper\">\n\t\t\t\t\t\t\n\t\t\t<h1 class=\"uael-heading\">\n\t\t\t\t\t\t\t\t\t\t<span class=\"uael-heading-text elementor-inline-editing uael-size--xxl\" data-elementor-setting-key=\"heading_title\" data-elementor-inline-editing-toolbar=\"basic\">3<\/span>\n\t\t\t\t\t\t\t<\/h1>\n\n\t\t\t\n\t\t\t\n\t\t\t\t\t\t\t<div class=\"uael-subheading elementor-inline-editing\" data-elementor-setting-key=\"heading_description\" data-elementor-inline-editing-toolbar=\"advanced\" >\n\t\t\t\t\tDepartamento de Igualdad. El Departamento de Igualdad tiene como objetivo principal promover la igualdad de mujeres y hombres. Ahora est\u00e1 ubicado en la Casa de las Mujeres, a la que tiene acceso toda la ciudadan\u00eda.\t\t\t\t<\/div>\n\t\t\t\t\n\t\t\t\t\t\t<\/div>\n\t\t\t\t\t\t<\/div>\n\t\t\t\t<\/div>\n\t\t\t\t<\/div>\n\t\t\t\t\t<\/div>\n\t\t\t\t<\/div>\n\t\t\t\t<\/div>\n\t\t","protected":false},"excerpt":{"rendered":"<p>La Casa de las Mujeres de Usurbil es un equipamiento municipal. Aunque esta\u0301 gestionada por el Departamento de Igualdad, tiene [&hellip;]<\/p>\n","protected":false},"author":1,"featured_media":0,"parent":0,"menu_order":0,"comment_status":"closed","ping_status":"closed","template":"","meta":{"site-sidebar-layout":"no-sidebar","site-content-layout":"","ast-site-content-layout":"full-width-container","site-content-style":"default","site-sidebar-style":"default","ast-global-header-display":"","ast-banner-title-visibility":"","ast-main-header-display":"","ast-hfb-above-header-display":"","ast-hfb-below-header-display":"","ast-hfb-mobile-header-display":"","site-post-title":"disabled","ast-breadcrumbs-content":"","ast-featured-img":"disabled","footer-sml-layout":"","theme-transparent-header-meta":"","adv-header-id-meta":"","stick-header-meta":"","header-above-stick-meta":"","header-main-stick-meta":"","header-below-stick-meta":"","astra-migrate-meta-layouts":"default","ast-page-background-enabled":"default","ast-page-background-meta":{"desktop":{"background-color":"var(--ast-global-color-4)","background-image":"","background-repeat":"repeat","background-position":"center center","background-size":"auto","background-attachment":"scroll","background-type":"","background-media":"","overlay-type":"","overlay-color":"","overlay-opacity":"","overlay-gradient":""},"tablet":{"background-color":"","background-image":"","background-repeat":"repeat","background-position":"center center","background-size":"auto","background-attachment":"scroll","background-type":"","background-media":"","overlay-type":"","overlay-color":"","overlay-opacity":"","overlay-gradient":""},"mobile":{"background-color":"","background-image":"","background-repeat":"repeat","background-position":"center center","background-size":"auto","background-attachment":"scroll","background-type":"","background-media":"","overlay-type":"","overlay-color":"","overlay-opacity":"","overlay-gradient":""}},"ast-content-background-meta":{"desktop":{"background-color":"var(--ast-global-color-5)","background-image":"","background-repeat":"repeat","background-position":"center center","background-size":"auto","background-attachment":"scroll","background-type":"","background-media":"","overlay-type":"","overlay-color":"","overlay-opacity":"","overlay-gradient":""},"tablet":{"background-color":"var(--ast-global-color-5)","background-image":"","background-repeat":"repeat","background-position":"center center","background-size":"auto","background-attachment":"scroll","background-type":"","background-media":"","overlay-type":"","overlay-color":"","overlay-opacity":"","overlay-gradient":""},"mobile":{"background-color":"var(--ast-global-color-5)","background-image":"","background-repeat":"repeat","background-position":"center center","background-size":"auto","background-attachment":"scroll","background-type":"","background-media":"","overlay-type":"","overlay-color":"","overlay-opacity":"","overlay-gradient":""}},"footnotes":""},"class_list":["post-670","page","type-page","status-publish","hentry"],"yoast_head":"<!-- This site is optimized with the Yoast SEO plugin v26.0 - https:\/\/yoast.com\/wordpress\/plugins\/seo\/ -->\n<title>Funcionamiento - Usurbilgo Emakumeon Etxea<\/title>\n<meta name=\"description\" content=\"La Casa de las Mujeres de Usurbil es un equipamiento municipal y aunque esta\u0301 gestionada por el Departamento de Igualdad, tiene un enfoque comunitario.\" \/>\n<meta name=\"robots\" content=\"index, follow, max-snippet:-1, max-image-preview:large, max-video-preview:-1\" \/>\n<link rel=\"canonical\" href=\"https:\/\/usurbilgoemakumeonetxea.eus\/es\/funcionamiento\/\" \/>\n<meta property=\"og:locale\" content=\"es_ES\" \/>\n<meta property=\"og:type\" content=\"article\" \/>\n<meta property=\"og:title\" content=\"Funcionamiento - Usurbilgo Emakumeon Etxea\" \/>\n<meta property=\"og:description\" content=\"La Casa de las Mujeres de Usurbil es un equipamiento municipal y aunque esta\u0301 gestionada por el Departamento de Igualdad, tiene un enfoque comunitario.\" \/>\n<meta property=\"og:url\" content=\"https:\/\/usurbilgoemakumeonetxea.eus\/es\/funcionamiento\/\" \/>\n<meta property=\"og:site_name\" content=\"Usurbilgo Emakumeon Etxea\" \/>\n<meta property=\"article:modified_time\" content=\"2024-09-30T13:56:02+00:00\" \/>\n<meta property=\"og:image\" content=\"https:\/\/usurbilgoemakumeonetxea.eus\/wp-content\/uploads\/2024\/08\/4marrazki.png\" \/>\n<meta name=\"twitter:card\" content=\"summary_large_image\" \/>\n<meta name=\"twitter:label1\" content=\"Tiempo de lectura\" \/>\n\t<meta name=\"twitter:data1\" content=\"1 minuto\" \/>\n<script type=\"application\/ld+json\" class=\"yoast-schema-graph\">{\"@context\":\"https:\/\/schema.org\",\"@graph\":[{\"@type\":\"WebPage\",\"@id\":\"https:\/\/usurbilgoemakumeonetxea.eus\/es\/funcionamiento\/\",\"url\":\"https:\/\/usurbilgoemakumeonetxea.eus\/es\/funcionamiento\/\",\"name\":\"Funcionamiento - Usurbilgo Emakumeon Etxea\",\"isPartOf\":{\"@id\":\"https:\/\/usurbilgoemakumeonetxea.eus\/es\/#website\"},\"primaryImageOfPage\":{\"@id\":\"https:\/\/usurbilgoemakumeonetxea.eus\/es\/funcionamiento\/#primaryimage\"},\"image\":{\"@id\":\"https:\/\/usurbilgoemakumeonetxea.eus\/es\/funcionamiento\/#primaryimage\"},\"thumbnailUrl\":\"https:\/\/usurbilgoemakumeonetxea.eus\/wp-content\/uploads\/2024\/08\/4marrazki.png\",\"datePublished\":\"2024-08-06T09:54:34+00:00\",\"dateModified\":\"2024-09-30T13:56:02+00:00\",\"description\":\"La Casa de las Mujeres de Usurbil es un equipamiento municipal y aunque esta\u0301 gestionada por el Departamento de Igualdad, tiene un enfoque comunitario.\",\"breadcrumb\":{\"@id\":\"https:\/\/usurbilgoemakumeonetxea.eus\/es\/funcionamiento\/#breadcrumb\"},\"inLanguage\":\"es\",\"potentialAction\":[{\"@type\":\"ReadAction\",\"target\":[\"https:\/\/usurbilgoemakumeonetxea.eus\/es\/funcionamiento\/\"]}]},{\"@type\":\"ImageObject\",\"inLanguage\":\"es\",\"@id\":\"https:\/\/usurbilgoemakumeonetxea.eus\/es\/funcionamiento\/#primaryimage\",\"url\":\"https:\/\/usurbilgoemakumeonetxea.eus\/wp-content\/uploads\/2024\/08\/4marrazki.png\",\"contentUrl\":\"https:\/\/usurbilgoemakumeonetxea.eus\/wp-content\/uploads\/2024\/08\/4marrazki.png\"},{\"@type\":\"BreadcrumbList\",\"@id\":\"https:\/\/usurbilgoemakumeonetxea.eus\/es\/funcionamiento\/#breadcrumb\",\"itemListElement\":[{\"@type\":\"ListItem\",\"position\":1,\"name\":\"Home\",\"item\":\"https:\/\/usurbilgoemakumeonetxea.eus\/es\/\"},{\"@type\":\"ListItem\",\"position\":2,\"name\":\"Funcionamiento\"}]},{\"@type\":\"WebSite\",\"@id\":\"https:\/\/usurbilgoemakumeonetxea.eus\/es\/#website\",\"url\":\"https:\/\/usurbilgoemakumeonetxea.eus\/es\/\",\"name\":\"Usurbilgo Emakumeon Etxea\",\"description\":\"\",\"publisher\":{\"@id\":\"https:\/\/usurbilgoemakumeonetxea.eus\/es\/#organization\"},\"potentialAction\":[{\"@type\":\"SearchAction\",\"target\":{\"@type\":\"EntryPoint\",\"urlTemplate\":\"https:\/\/usurbilgoemakumeonetxea.eus\/es\/?s={search_term_string}\"},\"query-input\":{\"@type\":\"PropertyValueSpecification\",\"valueRequired\":true,\"valueName\":\"search_term_string\"}}],\"inLanguage\":\"es\"},{\"@type\":\"Organization\",\"@id\":\"https:\/\/usurbilgoemakumeonetxea.eus\/es\/#organization\",\"name\":\"Usurbilgo Emakumeon Etxea\",\"url\":\"https:\/\/usurbilgoemakumeonetxea.eus\/es\/\",\"logo\":{\"@type\":\"ImageObject\",\"inLanguage\":\"es\",\"@id\":\"https:\/\/usurbilgoemakumeonetxea.eus\/es\/#\/schema\/logo\/image\/\",\"url\":\"https:\/\/usurbilgoemakumeonetxea.eus\/wp-content\/uploads\/2024\/08\/Logo-EmakEtx-kolore.png\",\"contentUrl\":\"https:\/\/usurbilgoemakumeonetxea.eus\/wp-content\/uploads\/2024\/08\/Logo-EmakEtx-kolore.png\",\"width\":900,\"height\":900,\"caption\":\"Usurbilgo Emakumeon Etxea\"},\"image\":{\"@id\":\"https:\/\/usurbilgoemakumeonetxea.eus\/es\/#\/schema\/logo\/image\/\"}}]}<\/script>\n<!-- \/ Yoast SEO plugin. -->","yoast_head_json":{"title":"Funcionamiento - Usurbilgo Emakumeon Etxea","description":"La Casa de las Mujeres de Usurbil es un equipamiento municipal y aunque esta\u0301 gestionada por el Departamento de Igualdad, tiene un enfoque comunitario.","robots":{"index":"index","follow":"follow","max-snippet":"max-snippet:-1","max-image-preview":"max-image-preview:large","max-video-preview":"max-video-preview:-1"},"canonical":"https:\/\/usurbilgoemakumeonetxea.eus\/es\/funcionamiento\/","og_locale":"es_ES","og_type":"article","og_title":"Funcionamiento - Usurbilgo Emakumeon Etxea","og_description":"La Casa de las Mujeres de Usurbil es un equipamiento municipal y aunque esta\u0301 gestionada por el Departamento de Igualdad, tiene un enfoque comunitario.","og_url":"https:\/\/usurbilgoemakumeonetxea.eus\/es\/funcionamiento\/","og_site_name":"Usurbilgo Emakumeon Etxea","article_modified_time":"2024-09-30T13:56:02+00:00","og_image":[{"url":"https:\/\/usurbilgoemakumeonetxea.eus\/wp-content\/uploads\/2024\/08\/4marrazki.png","type":"","width":"","height":""}],"twitter_card":"summary_large_image","twitter_misc":{"Tiempo de lectura":"1 minuto"},"schema":{"@context":"https:\/\/schema.org","@graph":[{"@type":"WebPage","@id":"https:\/\/usurbilgoemakumeonetxea.eus\/es\/funcionamiento\/","url":"https:\/\/usurbilgoemakumeonetxea.eus\/es\/funcionamiento\/","name":"Funcionamiento - Usurbilgo Emakumeon Etxea","isPartOf":{"@id":"https:\/\/usurbilgoemakumeonetxea.eus\/es\/#website"},"primaryImageOfPage":{"@id":"https:\/\/usurbilgoemakumeonetxea.eus\/es\/funcionamiento\/#primaryimage"},"image":{"@id":"https:\/\/usurbilgoemakumeonetxea.eus\/es\/funcionamiento\/#primaryimage"},"thumbnailUrl":"https:\/\/usurbilgoemakumeonetxea.eus\/wp-content\/uploads\/2024\/08\/4marrazki.png","datePublished":"2024-08-06T09:54:34+00:00","dateModified":"2024-09-30T13:56:02+00:00","description":"La Casa de las Mujeres de Usurbil es un equipamiento municipal y aunque esta\u0301 gestionada por el Departamento de Igualdad, tiene un enfoque comunitario.","breadcrumb":{"@id":"https:\/\/usurbilgoemakumeonetxea.eus\/es\/funcionamiento\/#breadcrumb"},"inLanguage":"es","potentialAction":[{"@type":"ReadAction","target":["https:\/\/usurbilgoemakumeonetxea.eus\/es\/funcionamiento\/"]}]},{"@type":"ImageObject","inLanguage":"es","@id":"https:\/\/usurbilgoemakumeonetxea.eus\/es\/funcionamiento\/#primaryimage","url":"https:\/\/usurbilgoemakumeonetxea.eus\/wp-content\/uploads\/2024\/08\/4marrazki.png","contentUrl":"https:\/\/usurbilgoemakumeonetxea.eus\/wp-content\/uploads\/2024\/08\/4marrazki.png"},{"@type":"BreadcrumbList","@id":"https:\/\/usurbilgoemakumeonetxea.eus\/es\/funcionamiento\/#breadcrumb","itemListElement":[{"@type":"ListItem","position":1,"name":"Home","item":"https:\/\/usurbilgoemakumeonetxea.eus\/es\/"},{"@type":"ListItem","position":2,"name":"Funcionamiento"}]},{"@type":"WebSite","@id":"https:\/\/usurbilgoemakumeonetxea.eus\/es\/#website","url":"https:\/\/usurbilgoemakumeonetxea.eus\/es\/","name":"Usurbilgo Emakumeon Etxea","description":"","publisher":{"@id":"https:\/\/usurbilgoemakumeonetxea.eus\/es\/#organization"},"potentialAction":[{"@type":"SearchAction","target":{"@type":"EntryPoint","urlTemplate":"https:\/\/usurbilgoemakumeonetxea.eus\/es\/?s={search_term_string}"},"query-input":{"@type":"PropertyValueSpecification","valueRequired":true,"valueName":"search_term_string"}}],"inLanguage":"es"},{"@type":"Organization","@id":"https:\/\/usurbilgoemakumeonetxea.eus\/es\/#organization","name":"Usurbilgo Emakumeon Etxea","url":"https:\/\/usurbilgoemakumeonetxea.eus\/es\/","logo":{"@type":"ImageObject","inLanguage":"es","@id":"https:\/\/usurbilgoemakumeonetxea.eus\/es\/#\/schema\/logo\/image\/","url":"https:\/\/usurbilgoemakumeonetxea.eus\/wp-content\/uploads\/2024\/08\/Logo-EmakEtx-kolore.png","contentUrl":"https:\/\/usurbilgoemakumeonetxea.eus\/wp-content\/uploads\/2024\/08\/Logo-EmakEtx-kolore.png","width":900,"height":900,"caption":"Usurbilgo Emakumeon Etxea"},"image":{"@id":"https:\/\/usurbilgoemakumeonetxea.eus\/es\/#\/schema\/logo\/image\/"}}]}},"_links":{"self":[{"href":"https:\/\/usurbilgoemakumeonetxea.eus\/es\/wp-json\/wp\/v2\/pages\/670","targetHints":{"allow":["GET"]}}],"collection":[{"href":"https:\/\/usurbilgoemakumeonetxea.eus\/es\/wp-json\/wp\/v2\/pages"}],"about":[{"href":"https:\/\/usurbilgoemakumeonetxea.eus\/es\/wp-json\/wp\/v2\/types\/page"}],"author":[{"embeddable":true,"href":"https:\/\/usurbilgoemakumeonetxea.eus\/es\/wp-json\/wp\/v2\/users\/1"}],"replies":[{"embeddable":true,"href":"https:\/\/usurbilgoemakumeonetxea.eus\/es\/wp-json\/wp\/v2\/comments?post=670"}],"version-history":[{"count":7,"href":"https:\/\/usurbilgoemakumeonetxea.eus\/es\/wp-json\/wp\/v2\/pages\/670\/revisions"}],"predecessor-version":[{"id":779,"href":"https:\/\/usurbilgoemakumeonetxea.eus\/es\/wp-json\/wp\/v2\/pages\/670\/revisions\/779"}],"wp:attachment":[{"href":"https:\/\/usurbilgoemakumeonetxea.eus\/es\/wp-json\/wp\/v2\/media?parent=670"}],"curies":[{"name":"wp","href":"https:\/\/api.w.org\/{rel}","templated":true}]}}